{"id":2259,"date":"2022-01-24T09:09:27","date_gmt":"2022-01-24T09:09:27","guid":{"rendered":"https:\/\/vrvs.cz\/kariera\/"},"modified":"2022-01-26T10:59:56","modified_gmt":"2022-01-26T10:59:56","slug":"kariera","status":"publish","type":"page","link":"https:\/\/vrvs.cz\/en\/kariera\/","title":{"rendered":"Career"},"content":{"rendered":"\t\t<div data-elementor-type=\"wp-page\" data-elementor-id=\"2259\" class=\"elementor elementor-2259\">\n\t\t\t\t\t\t\t\t\t<section class=\"elementor-section elementor-top-section elementor-element elementor-element-23b07e8 elementor-section-boxed elementor-section-height-default elementor-section-height-default\" data-id=\"23b07e8\" data-element_type=\"section\" data-settings=\"{&quot;jet_parallax_layout_list&quot;:[{&quot;jet_parallax_layout_image&quot;:{&quot;url&quot;:&quot;&quot;,&quot;id&quot;:&quot;&quot;,&quot;size&quot;:&quot;&quot;},&quot;_id&quot;:&quot;783042a&quot;,&quot;jet_parallax_layout_image_tablet&quot;:{&quot;url&quot;:&quot;&quot;,&quot;id&quot;:&quot;&quot;,&quot;size&quot;:&quot;&quot;},&quot;jet_parallax_layout_image_mobile&quot;:{&quot;url&quot;:&quot;&quot;,&quot;id&quot;:&quot;&quot;,&quot;size&quot;:&quot;&quot;},&quot;jet_parallax_layout_speed&quot;:{&quot;unit&quot;:&quot;%&quot;,&quot;size&quot;:50,&quot;sizes&quot;:[]},&quot;jet_parallax_layout_type&quot;:&quot;scroll&quot;,&quot;jet_parallax_layout_direction&quot;:null,&quot;jet_parallax_layout_fx_direction&quot;:null,&quot;jet_parallax_layout_z_index&quot;:&quot;&quot;,&quot;jet_parallax_layout_bg_x&quot;:50,&quot;jet_parallax_layout_bg_x_tablet&quot;:&quot;&quot;,&quot;jet_parallax_layout_bg_x_mobile&quot;:&quot;&quot;,&quot;jet_parallax_layout_bg_y&quot;:50,&quot;jet_parallax_layout_bg_y_tablet&quot;:&quot;&quot;,&quot;jet_parallax_layout_bg_y_mobile&quot;:&quot;&quot;,&quot;jet_parallax_layout_bg_size&quot;:&quot;auto&quot;,&quot;jet_parallax_layout_bg_size_tablet&quot;:&quot;&quot;,&quot;jet_parallax_layout_bg_size_mobile&quot;:&quot;&quot;,&quot;jet_parallax_layout_animation_prop&quot;:&quot;transform&quot;,&quot;jet_parallax_layout_on&quot;:[&quot;desktop&quot;,&quot;tablet&quot;]}],&quot;background_background&quot;:&quot;classic&quot;,&quot;shape_divider_bottom&quot;:&quot;arrow&quot;,&quot;shape_divider_bottom_negative&quot;:&quot;yes&quot;}\">\n\t\t\t\t\t<div class=\"elementor-shape elementor-shape-bottom\" data-negative=\"true\">\n\t\t\t<svg xmlns=\"http:\/\/www.w3.org\/2000\/svg\" viewBox=\"0 0 700 10\" preserveAspectRatio=\"none\">\n\t<path class=\"elementor-shape-fill\" d=\"M360 0L350 9.9 340 0 0 0 0 10 700 10 700 0\"\/>\n<\/svg>\t\t<\/div>\n\t\t\t\t\t<div class=\"elementor-container elementor-column-gap-default\">\n\t\t\t\t\t<div class=\"elementor-column elementor-col-100 elementor-top-column elementor-element elementor-element-ffa6254\" data-id=\"ffa6254\" data-element_type=\"column\">\n\t\t\t<div class=\"elementor-widget-wrap elementor-element-populated\">\n\t\t\t\t\t\t\t\t<div class=\"elementor-element elementor-element-be063b5 elementor-widget elementor-widget-heading\" data-id=\"be063b5\" data-element_type=\"widget\" data-widget_type=\"heading.default\">\n\t\t\t\t<div class=\"elementor-widget-container\">\n\t\t\t<h1 class=\"elementor-heading-title elementor-size-default\">Career<\/h1>\t\t<\/div>\n\t\t\t\t<\/div>\n\t\t\t\t<div class=\"elementor-element elementor-element-926c9b6 elementor-align-center elementor-mobile-align-center elementor-widget elementor-widget-button\" data-id=\"926c9b6\" data-element_type=\"widget\" data-widget_type=\"button.default\">\n\t\t\t\t<div class=\"elementor-widget-container\">\n\t\t\t\t\t<div class=\"elementor-button-wrapper\">\n\t\t\t<a class=\"elementor-button elementor-button-link elementor-size-md\" href=\"https:\/\/vrvs.cz\/kontakt\/\">\n\t\t\t\t\t\t<span class=\"elementor-button-content-wrapper\">\n\t\t\t\t\t\t<span class=\"elementor-button-text\">CONTACT<\/span>\n\t\t<\/span>\n\t\t\t\t\t<\/a>\n\t\t<\/div>\n\t\t\t\t<\/div>\n\t\t\t\t<\/div>\n\t\t\t\t\t<\/div>\n\t\t<\/div>\n\t\t\t\t\t\t\t<\/div>\n\t\t<\/section>\n\t\t\t\t<section class=\"elementor-section elementor-top-section elementor-element elementor-element-6d1891d elementor-section-boxed elementor-section-height-default elementor-section-height-default\" data-id=\"6d1891d\" data-element_type=\"section\" data-settings=\"{&quot;jet_parallax_layout_list&quot;:[{&quot;jet_parallax_layout_image&quot;:{&quot;url&quot;:&quot;&quot;,&quot;id&quot;:&quot;&quot;,&quot;size&quot;:&quot;&quot;},&quot;_id&quot;:&quot;f4ef493&quot;,&quot;jet_parallax_layout_image_tablet&quot;:{&quot;url&quot;:&quot;&quot;,&quot;id&quot;:&quot;&quot;,&quot;size&quot;:&quot;&quot;},&quot;jet_parallax_layout_image_mobile&quot;:{&quot;url&quot;:&quot;&quot;,&quot;id&quot;:&quot;&quot;,&quot;size&quot;:&quot;&quot;},&quot;jet_parallax_layout_speed&quot;:{&quot;unit&quot;:&quot;%&quot;,&quot;size&quot;:50,&quot;sizes&quot;:[]},&quot;jet_parallax_layout_type&quot;:&quot;scroll&quot;,&quot;jet_parallax_layout_direction&quot;:null,&quot;jet_parallax_layout_fx_direction&quot;:null,&quot;jet_parallax_layout_z_index&quot;:&quot;&quot;,&quot;jet_parallax_layout_bg_x&quot;:50,&quot;jet_parallax_layout_bg_x_tablet&quot;:&quot;&quot;,&quot;jet_parallax_layout_bg_x_mobile&quot;:&quot;&quot;,&quot;jet_parallax_layout_bg_y&quot;:50,&quot;jet_parallax_layout_bg_y_tablet&quot;:&quot;&quot;,&quot;jet_parallax_layout_bg_y_mobile&quot;:&quot;&quot;,&quot;jet_parallax_layout_bg_size&quot;:&quot;auto&quot;,&quot;jet_parallax_layout_bg_size_tablet&quot;:&quot;&quot;,&quot;jet_parallax_layout_bg_size_mobile&quot;:&quot;&quot;,&quot;jet_parallax_layout_animation_prop&quot;:&quot;transform&quot;,&quot;jet_parallax_layout_on&quot;:[&quot;desktop&quot;,&quot;tablet&quot;]}],&quot;background_background&quot;:&quot;classic&quot;,&quot;shape_divider_top&quot;:&quot;arrow&quot;}\">\n\t\t\t\t\t<div class=\"elementor-shape elementor-shape-top\" data-negative=\"false\">\n\t\t\t<svg xmlns=\"http:\/\/www.w3.org\/2000\/svg\" viewBox=\"0 0 700 10\" preserveAspectRatio=\"none\">\n\t<path class=\"elementor-shape-fill\" d=\"M350,10L340,0h20L350,10z\"\/>\n<\/svg>\t\t<\/div>\n\t\t\t\t\t<div class=\"elementor-container elementor-column-gap-default\">\n\t\t\t\t\t<div class=\"elementor-column elementor-col-100 elementor-top-column elementor-element elementor-element-8369da3\" data-id=\"8369da3\" data-element_type=\"column\">\n\t\t\t<div class=\"elementor-widget-wrap elementor-element-populated\">\n\t\t\t\t\t\t\t\t<div class=\"elementor-element elementor-element-db4c1cd elementor-widget elementor-widget-jet-posts\" data-id=\"db4c1cd\" data-element_type=\"widget\" data-settings=\"{&quot;columns&quot;:&quot;3&quot;,&quot;columns_mobile&quot;:&quot;1&quot;,&quot;slides_to_scroll&quot;:&quot;1&quot;}\" data-widget_type=\"jet-posts.default\">\n\t\t\t\t<div class=\"elementor-widget-container\">\n\t\t\t<div class=\"elementor-jet-posts jet-elements\"><div class=\"jet-posts col-row  jet-equal-cols\"><\/div>\n<\/div>\t\t<\/div>\n\t\t\t\t<\/div>\n\t\t\t\t\t<\/div>\n\t\t<\/div>\n\t\t\t\t\t\t\t<\/div>\n\t\t<\/section>\n\t\t\t\t\t\t\t<\/div>\n\t\t","protected":false},"excerpt":{"rendered":"<p>Career CONTACT Obchodn\u00ed z\u00e1stupce Read more Elektromechanik Read more<\/p>\n","protected":false},"author":6,"featured_media":0,"parent":0,"menu_order":0,"comment_status":"closed","ping_status":"closed","template":"elementor_header_footer","meta":{"footnotes":""},"yoast_head":"<!-- This site is optimized with the Yoast SEO plugin v21.6 - https:\/\/yoast.com\/wordpress\/plugins\/seo\/ -->\n<title>Career - Rozv\u00e1d\u011b\u010de Vset\u00edn<\/title>\n<meta name=\"robots\" content=\"index, follow, max-snippet:-1, max-image-preview:large, max-video-preview:-1\" \/>\n<link rel=\"canonical\" href=\"https:\/\/vrvs.cz\/en\/kariera\/\" \/>\n<meta property=\"og:locale\" content=\"en_US\" \/>\n<meta property=\"og:type\" content=\"article\" \/>\n<meta property=\"og:title\" content=\"Career - Rozv\u00e1d\u011b\u010de Vset\u00edn\" \/>\n<meta property=\"og:description\" content=\"Career CONTACT Obchodn\u00ed z\u00e1stupce Read more Elektromechanik Read more\" \/>\n<meta property=\"og:url\" content=\"https:\/\/vrvs.cz\/en\/kariera\/\" \/>\n<meta property=\"og:site_name\" content=\"Rozv\u00e1d\u011b\u010de Vset\u00edn\" \/>\n<meta property=\"article:modified_time\" content=\"2022-01-26T10:59:56+00:00\" \/>\n<meta name=\"twitter:card\" content=\"summary_large_image\" \/>\n<script type=\"application\/ld+json\" class=\"yoast-schema-graph\">{\"@context\":\"https:\/\/schema.org\",\"@graph\":[{\"@type\":\"WebPage\",\"@id\":\"https:\/\/vrvs.cz\/en\/kariera\/\",\"url\":\"https:\/\/vrvs.cz\/en\/kariera\/\",\"name\":\"Career - Rozv\u00e1d\u011b\u010de Vset\u00edn\",\"isPartOf\":{\"@id\":\"https:\/\/vrvs.cz\/#website\"},\"datePublished\":\"2022-01-24T09:09:27+00:00\",\"dateModified\":\"2022-01-26T10:59:56+00:00\",\"breadcrumb\":{\"@id\":\"https:\/\/vrvs.cz\/en\/kariera\/#breadcrumb\"},\"inLanguage\":\"en-US\",\"potentialAction\":[{\"@type\":\"ReadAction\",\"target\":[\"https:\/\/vrvs.cz\/en\/kariera\/\"]}]},{\"@type\":\"BreadcrumbList\",\"@id\":\"https:\/\/vrvs.cz\/en\/kariera\/#breadcrumb\",\"itemListElement\":[{\"@type\":\"ListItem\",\"position\":1,\"name\":\"Dom\u016f\",\"item\":\"https:\/\/vrvs.cz\/en\/uvod\/\"},{\"@type\":\"ListItem\",\"position\":2,\"name\":\"Career\"}]},{\"@type\":\"WebSite\",\"@id\":\"https:\/\/vrvs.cz\/#website\",\"url\":\"https:\/\/vrvs.cz\/\",\"name\":\"Rozv\u00e1d\u011b\u010de Vset\u00edn\",\"description\":\"V\u00fdtahov\u00e9 rozv\u00e1d\u011b\u010de v\u010detn\u011b elektrop\u0159\u00edslu\u0161enstv\u00ed\",\"publisher\":{\"@id\":\"https:\/\/vrvs.cz\/#organization\"},\"potentialAction\":[{\"@type\":\"SearchAction\",\"target\":{\"@type\":\"EntryPoint\",\"urlTemplate\":\"https:\/\/vrvs.cz\/?s={search_term_string}\"},\"query-input\":\"required name=search_term_string\"}],\"inLanguage\":\"en-US\"},{\"@type\":\"Organization\",\"@id\":\"https:\/\/vrvs.cz\/#organization\",\"name\":\"Rozv\u00e1d\u011b\u010de Vset\u00edn\",\"url\":\"https:\/\/vrvs.cz\/\",\"logo\":{\"@type\":\"ImageObject\",\"inLanguage\":\"en-US\",\"@id\":\"https:\/\/vrvs.cz\/#\/schema\/logo\/image\/\",\"url\":\"https:\/\/vrvs.cz\/wp-content\/uploads\/2021\/07\/logo-vrvs.png\",\"contentUrl\":\"https:\/\/vrvs.cz\/wp-content\/uploads\/2021\/07\/logo-vrvs.png\",\"width\":768,\"height\":266,\"caption\":\"Rozv\u00e1d\u011b\u010de Vset\u00edn\"},\"image\":{\"@id\":\"https:\/\/vrvs.cz\/#\/schema\/logo\/image\/\"}}]}<\/script>\n<!-- \/ Yoast SEO plugin. -->","yoast_head_json":{"title":"Career - Rozv\u00e1d\u011b\u010de Vset\u00edn","robots":{"index":"index","follow":"follow","max-snippet":"max-snippet:-1","max-image-preview":"max-image-preview:large","max-video-preview":"max-video-preview:-1"},"canonical":"https:\/\/vrvs.cz\/en\/kariera\/","og_locale":"en_US","og_type":"article","og_title":"Career - Rozv\u00e1d\u011b\u010de Vset\u00edn","og_description":"Career CONTACT Obchodn\u00ed z\u00e1stupce Read more Elektromechanik Read more","og_url":"https:\/\/vrvs.cz\/en\/kariera\/","og_site_name":"Rozv\u00e1d\u011b\u010de Vset\u00edn","article_modified_time":"2022-01-26T10:59:56+00:00","twitter_card":"summary_large_image","schema":{"@context":"https:\/\/schema.org","@graph":[{"@type":"WebPage","@id":"https:\/\/vrvs.cz\/en\/kariera\/","url":"https:\/\/vrvs.cz\/en\/kariera\/","name":"Career - Rozv\u00e1d\u011b\u010de Vset\u00edn","isPartOf":{"@id":"https:\/\/vrvs.cz\/#website"},"datePublished":"2022-01-24T09:09:27+00:00","dateModified":"2022-01-26T10:59:56+00:00","breadcrumb":{"@id":"https:\/\/vrvs.cz\/en\/kariera\/#breadcrumb"},"inLanguage":"en-US","potentialAction":[{"@type":"ReadAction","target":["https:\/\/vrvs.cz\/en\/kariera\/"]}]},{"@type":"BreadcrumbList","@id":"https:\/\/vrvs.cz\/en\/kariera\/#breadcrumb","itemListElement":[{"@type":"ListItem","position":1,"name":"Dom\u016f","item":"https:\/\/vrvs.cz\/en\/uvod\/"},{"@type":"ListItem","position":2,"name":"Career"}]},{"@type":"WebSite","@id":"https:\/\/vrvs.cz\/#website","url":"https:\/\/vrvs.cz\/","name":"Rozv\u00e1d\u011b\u010de Vset\u00edn","description":"V\u00fdtahov\u00e9 rozv\u00e1d\u011b\u010de v\u010detn\u011b elektrop\u0159\u00edslu\u0161enstv\u00ed","publisher":{"@id":"https:\/\/vrvs.cz\/#organization"},"potentialAction":[{"@type":"SearchAction","target":{"@type":"EntryPoint","urlTemplate":"https:\/\/vrvs.cz\/?s={search_term_string}"},"query-input":"required name=search_term_string"}],"inLanguage":"en-US"},{"@type":"Organization","@id":"https:\/\/vrvs.cz\/#organization","name":"Rozv\u00e1d\u011b\u010de Vset\u00edn","url":"https:\/\/vrvs.cz\/","logo":{"@type":"ImageObject","inLanguage":"en-US","@id":"https:\/\/vrvs.cz\/#\/schema\/logo\/image\/","url":"https:\/\/vrvs.cz\/wp-content\/uploads\/2021\/07\/logo-vrvs.png","contentUrl":"https:\/\/vrvs.cz\/wp-content\/uploads\/2021\/07\/logo-vrvs.png","width":768,"height":266,"caption":"Rozv\u00e1d\u011b\u010de Vset\u00edn"},"image":{"@id":"https:\/\/vrvs.cz\/#\/schema\/logo\/image\/"}}]}},"_links":{"self":[{"href":"https:\/\/vrvs.cz\/en\/wp-json\/wp\/v2\/pages\/2259"}],"collection":[{"href":"https:\/\/vrvs.cz\/en\/wp-json\/wp\/v2\/pages"}],"about":[{"href":"https:\/\/vrvs.cz\/en\/wp-json\/wp\/v2\/types\/page"}],"author":[{"embeddable":true,"href":"https:\/\/vrvs.cz\/en\/wp-json\/wp\/v2\/users\/6"}],"replies":[{"embeddable":true,"href":"https:\/\/vrvs.cz\/en\/wp-json\/wp\/v2\/comments?post=2259"}],"version-history":[{"count":13,"href":"https:\/\/vrvs.cz\/en\/wp-json\/wp\/v2\/pages\/2259\/revisions"}],"predecessor-version":[{"id":2299,"href":"https:\/\/vrvs.cz\/en\/wp-json\/wp\/v2\/pages\/2259\/revisions\/2299"}],"wp:attachment":[{"href":"https:\/\/vrvs.cz\/en\/wp-json\/wp\/v2\/media?parent=2259"}],"curies":[{"name":"wp","href":"https:\/\/api.w.org\/{rel}","templated":true}]}}