{"id":1341,"date":"2021-07-07T14:36:34","date_gmt":"2021-07-07T14:36:34","guid":{"rendered":"http:\/\/vrvs.webfusion.cz\/ochrana-osobnich-udaju\/"},"modified":"2022-01-06T17:14:25","modified_gmt":"2022-01-06T17:14:25","slug":"ochrana-osobnich-udaju","status":"publish","type":"page","link":"https:\/\/vrvs.cz\/en\/ochrana-osobnich-udaju\/","title":{"rendered":"Privacy policy"},"content":{"rendered":"\t\t<div data-elementor-type=\"wp-page\" data-elementor-id=\"1341\" class=\"elementor elementor-1341\">\n\t\t\t\t\t\t\t\t\t<section class=\"elementor-section elementor-top-section elementor-element elementor-element-7fbd2c06 elementor-section-boxed elementor-section-height-default elementor-section-height-default\" data-id=\"7fbd2c06\" data-element_type=\"section\" data-settings=\"{&quot;jet_parallax_layout_list&quot;:[{&quot;jet_parallax_layout_image&quot;:{&quot;url&quot;:&quot;&quot;,&quot;id&quot;:&quot;&quot;,&quot;size&quot;:&quot;&quot;},&quot;_id&quot;:&quot;a0db64a&quot;,&quot;jet_parallax_layout_image_tablet&quot;:{&quot;url&quot;:&quot;&quot;,&quot;id&quot;:&quot;&quot;,&quot;size&quot;:&quot;&quot;},&quot;jet_parallax_layout_image_mobile&quot;:{&quot;url&quot;:&quot;&quot;,&quot;id&quot;:&quot;&quot;,&quot;size&quot;:&quot;&quot;},&quot;jet_parallax_layout_speed&quot;:{&quot;unit&quot;:&quot;%&quot;,&quot;size&quot;:50,&quot;sizes&quot;:[]},&quot;jet_parallax_layout_type&quot;:&quot;scroll&quot;,&quot;jet_parallax_layout_direction&quot;:null,&quot;jet_parallax_layout_fx_direction&quot;:null,&quot;jet_parallax_layout_z_index&quot;:&quot;&quot;,&quot;jet_parallax_layout_bg_x&quot;:50,&quot;jet_parallax_layout_bg_x_tablet&quot;:&quot;&quot;,&quot;jet_parallax_layout_bg_x_mobile&quot;:&quot;&quot;,&quot;jet_parallax_layout_bg_y&quot;:50,&quot;jet_parallax_layout_bg_y_tablet&quot;:&quot;&quot;,&quot;jet_parallax_layout_bg_y_mobile&quot;:&quot;&quot;,&quot;jet_parallax_layout_bg_size&quot;:&quot;auto&quot;,&quot;jet_parallax_layout_bg_size_tablet&quot;:&quot;&quot;,&quot;jet_parallax_layout_bg_size_mobile&quot;:&quot;&quot;,&quot;jet_parallax_layout_animation_prop&quot;:&quot;transform&quot;,&quot;jet_parallax_layout_on&quot;:[&quot;desktop&quot;,&quot;tablet&quot;]}]}\">\n\t\t\t\t\t\t<div class=\"elementor-container elementor-column-gap-default\">\n\t\t\t\t\t<div class=\"elementor-column elementor-col-100 elementor-top-column elementor-element elementor-element-307f5d7f\" data-id=\"307f5d7f\" data-element_type=\"column\">\n\t\t\t<div class=\"elementor-widget-wrap elementor-element-populated\">\n\t\t\t\t\t\t\t\t<div class=\"elementor-element elementor-element-78adf3a elementor-widget elementor-widget-spacer\" data-id=\"78adf3a\" data-element_type=\"widget\" data-widget_type=\"spacer.default\">\n\t\t\t\t<div class=\"elementor-widget-container\">\n\t\t\t\t\t<div class=\"elementor-spacer\">\n\t\t\t<div class=\"elementor-spacer-inner\"><\/div>\n\t\t<\/div>\n\t\t\t\t<\/div>\n\t\t\t\t<\/div>\n\t\t\t\t<div class=\"elementor-element elementor-element-2479059f elementor-widget elementor-widget-text-editor\" data-id=\"2479059f\" data-element_type=\"widget\" data-widget_type=\"text-editor.default\">\n\t\t\t\t<div class=\"elementor-widget-container\">\n\t\t\t\t\t\t\t<p><\/p>\n<h3 style=\"font-family: 'Open Sans', sans-serif; color: #000000;\">Ud\u011bluji souhlas se zpracov\u00e1n\u00edm m\u00fdch osobn\u00edch \u00fadaj\u016f (jm\u00e9no, e-mail, telefon) za \u00fa\u010delem odpov\u011bdi na m\u016fj dotaz, zaslan\u00fd prost\u0159ednictv\u00edm kontaktn\u00edho formul\u00e1\u0159e um\u00edst\u011bn\u00e9ho na webov\u00fdch str\u00e1nk\u00e1ch spr\u00e1vce.<\/h3>\n<p style=\"font-size: 16px;\"><span style=\"font-weight: bolder;\">Souhlas<\/span><\/p>\n<ul style=\"font-size: 16px; background-color: #ffffff;\">\n<li style=\"font-size: 16px;\">Ud\u011blen\u00edm tohoto souhlasu se zpracov\u00e1n\u00edm osobn\u00edch \u00fadaj\u016f poskytujete souhlas k tomu, aby spole\u010dnost Rozv\u00e1d\u011b\u010de Vset\u00edn s.r.o., Jir\u00e1skova 2190, 755 01 Vset\u00edn, \u010cesk\u00e1 republika, I\u010cO: 24839183, zapsan\u00e1 v obchodn\u00edm rejst\u0159\u00edku veden\u00e9m Krajsk\u00fdm soudem v Ostrav\u011b, odd\u00edl C, vlo\u017eka 37647 (d\u00e1le jako \u201espr\u00e1vce\u201c) zpracov\u00e1vala Va\u0161e osobn\u00ed \u00fadaje poskytnut\u00e9 na z\u00e1klad\u011b tohoto souhlasu dle d\u00e1le uveden\u00fdch podm\u00ednek.<\/li>\n<\/ul>\n<p style=\"font-size: 16px;\"><br \/><span style=\"font-weight: bolder;\">Rozsah zpracov\u00e1n\u00ed Va\u0161ich osobn\u00edch \u00fadaj\u016f<\/span><\/p>\n<ul style=\"font-size: 16px; background-color: #ffffff;\">\n<li style=\"font-size: 16px;\">Spr\u00e1vce bude na z\u00e1klad\u011b tohoto souhlasu zpracov\u00e1vat Va\u0161e jm\u00e9no a e-mail, telefon a to za d\u00e1le uveden\u00fdm \u00fa\u010delem.<\/li>\n<\/ul>\n<p style=\"font-size: 16px;\"><br \/><span style=\"font-weight: bolder;\">\u00da\u010del zpracov\u00e1n\u00ed Va\u0161ich osobn\u00edch \u00fadaj\u016f<\/span><\/p>\n<ul style=\"font-size: 16px; background-color: #ffffff;\">\n<li style=\"font-size: 16px;\">Spr\u00e1vce bude Va\u0161e osobn\u00ed \u00fadaje poskytnut\u00e9 na z\u00e1klad\u011b tohoto souhlasu zpracov\u00e1vat za \u00fa\u010delem evidence a zpracov\u00e1n\u00ed odpov\u011bdi na polo\u017een\u00fd dotaz, zaslan\u00fd prost\u0159ednictv\u00edm kontaktn\u00edho formul\u00e1\u0159e um\u00edst\u011bn\u00e9ho na webov\u00fdch str\u00e1nk\u00e1ch spr\u00e1vce.<\/li>\n<\/ul>\n<p style=\"font-size: 16px;\"><br \/><span style=\"font-weight: bolder;\">Pr\u00e1vn\u00ed z\u00e1klad zpracov\u00e1n\u00ed osobn\u00edch \u00fadaj\u016f<\/span><\/p>\n<ul style=\"font-size: 16px; background-color: #ffffff;\">\n<li style=\"font-size: 16px;\">Pr\u00e1vn\u00edm z\u00e1kladem zpracov\u00e1n\u00ed je tento V\u00e1\u0161 souhlas. Va\u0161e Osobn\u00ed \u00fadaje jsou zpracov\u00e1v\u00e1ny v\u00a0souladu s Obecn\u00fdm na\u0159\u00edzen\u00edm o ochran\u011b osobn\u00edch \u00fadaj\u016f \u2013 Na\u0159\u00edzen\u00edm Evropsk\u00e9ho parlamentu a rady (EU) 2016\/679 ze dne 27.4.2016 \u2013 (d\u00e1le jako \u201eGDPR\u201c).<\/li>\n<\/ul>\n<p style=\"font-size: 16px;\"><br \/><span style=\"font-weight: bolder;\">Doba, po n\u00ed\u017e budou Va\u0161e osobn\u00ed \u00fadaje zpracov\u00e1v\u00e1ny<\/span><\/p>\n<ul style=\"font-size: 16px; background-color: #ffffff;\">\n<li style=\"font-size: 16px;\">Spr\u00e1vce bude Va\u0161e osobn\u00ed \u00fadaje zpracov\u00e1vat po dobu nezbytn\u011b nutnou, maxim\u00e1ln\u011b v\u0161ak 2 roky ode dne odesl\u00e1n\u00ed formul\u00e1\u0159e, pokud tento souhlas neodvol\u00e1te d\u0159\u00edve.<\/li>\n<\/ul>\n<p style=\"font-size: 16px;\"><br \/><span style=\"font-weight: bolder;\">Odvol\u00e1n\u00ed souhlasu se zpracov\u00e1n\u00edm osobn\u00edch \u00fadaj\u016f<\/span><\/p>\n<ul style=\"font-size: 16px; background-color: #ffffff;\">\n<li style=\"font-size: 16px;\">Tento V\u00e1\u0161 dobrovoln\u011b ud\u011blen\u00fd souhlas se zpracov\u00e1n\u00edm osobn\u00edch \u00fadaj\u016f m\u016f\u017eete kdykoli bezplatn\u011b odvolat, a to prost\u0159ednictv\u00edm zasl\u00e1n\u00ed e-mailu na adresu:\u00a0<a href=\"mailto:info@vrvs.cz\">info@vrvs.cz<\/a><\/li>\n<li style=\"font-size: 16px;\">Odvol\u00e1n\u00edm souhlasu nen\u00ed dot\u010dena z\u00e1konnost zpracov\u00e1n\u00ed vych\u00e1zej\u00edc\u00edho ze souhlasu, kter\u00fd byl d\u00e1n p\u0159ed jeho odvol\u00e1n\u00edm.<\/li>\n<\/ul>\n<p style=\"font-size: 16px;\"><br \/><span style=\"font-weight: bolder;\">Osoby s\u00a0p\u0159\u00edstupem k\u00a0Va\u0161\u00edm osobn\u00edm \u00fadaj\u016fm<\/span><\/p>\n<ul style=\"font-size: 16px; background-color: #ffffff;\">\n<li style=\"font-size: 16px;\">K Va\u0161im osobn\u00edm \u00fadaj\u016fm bude m\u00edt p\u0159\u00edstup spr\u00e1vce, jeho zam\u011bstnanci a p\u0159\u00edpadn\u011b po\u00a0nezbytn\u011b nutnou dobu a v nezbytn\u011b nutn\u00e9m rozsahu t\u00e9\u017e t\u0159et\u00ed osoby \u2013 zpracovatel\u00e9, kte\u0159\u00ed poskytnou vhodn\u00e9 z\u00e1ruky a jejich\u017e zpracov\u00e1n\u00ed spl\u0148uje v\u0161echny po\u017eadavky GDPR, a kter\u00e9 budou dostate\u010dn\u011b chr\u00e1nit Va\u0161e pr\u00e1va a Va\u0161e osobn\u00ed \u00fadaje. T\u011bmito osobami jsou zejm\u00e9na marketingov\u00ed poradci.<\/li>\n<li style=\"font-size: 16px;\">V\u00a0p\u0159\u00edpad\u011b, \u017ee spr\u00e1vce vyu\u017eije Va\u0161e osobn\u00ed \u00fadaje ke sv\u00e9 propagaci, tak souhlas\u00edte s\u00a0t\u00edm, \u017ee tyto Va\u0161e osobn\u00ed \u00fadaje budou zp\u0159\u00edstupn\u011bny \u0161irok\u00e9 ve\u0159ejnosti, v\u010detn\u011b zve\u0159ejn\u011bn\u00ed v\u00a0zem\u00edch mimo Evropskou unii.<\/li>\n<\/ul>\n<p style=\"font-size: 16px;\"><br \/><span style=\"font-weight: bolder;\">Kontaktn\u00ed \u00fadaje spr\u00e1vce<\/span><\/p>\n<ul style=\"font-size: 16px; background-color: #ffffff;\">\n<li style=\"font-size: 16px;\">Spr\u00e1vce m\u016f\u017eete kontaktovat na e-mailu:\u00a0<a href=\"mailto:info@vrvs.cz\">info@vrvs.cz<\/a>\u00a0\u010di p\u00edsemn\u011b na adrese provozovny spr\u00e1vce (Rozv\u00e1d\u011b\u010de Vset\u00edn s.r.o., Jir\u00e1skova 2190, 755 01 Vset\u00edn, \u010cesk\u00e1 republika). Spr\u00e1vce je opr\u00e1vn\u011bn po\u017eadovat prok\u00e1z\u00e1n\u00ed Va\u0161\u00ed toto\u017enosti za \u00fa\u010delem zamezen\u00ed p\u0159\u00edstupu neopr\u00e1vn\u011bn\u00fdm osob\u00e1m k Va\u0161im osobn\u00edm \u00fadaj\u016fm.<\/li>\n<\/ul>\n<p style=\"font-size: 16px;\"><br \/><span style=\"font-weight: bolder;\">Va\u0161e pr\u00e1va souvisej\u00edc\u00ed s\u00a0ochranou Va\u0161ich osobn\u00edch \u00fadaj\u016f<\/span><\/p>\n<ul style=\"font-size: 16px; background-color: #ffffff;\">\n<li style=\"font-size: 16px;\">M\u00e1te pr\u00e1vo kdykoliv odvolat sv\u016fj souhlas, opravit \u010di doplnit osobn\u00ed \u00fadaje, po\u017eadovat omezen\u00ed zpracov\u00e1n\u00ed, vzn\u00e9st n\u00e1mitku \u010di st\u00ed\u017enost proti zpracov\u00e1n\u00ed osobn\u00edch \u00fadaj\u016f, po\u017eadovat p\u0159enesen\u00ed \u00fadaj\u016f, p\u0159\u00edstupu ke sv\u00fdm osobn\u00edm \u00fadaj\u016fm, b\u00fdt informov\u00e1n o poru\u0161en\u00ed zabezpe\u010den\u00ed osobn\u00edch \u00fadaj\u016f, v\u00fdmazu a dal\u0161\u00ed pr\u00e1va stanoven\u00e1 v\u00a0GDPR.<\/li>\n<\/ul>\n<p style=\"font-size: 16px;\"><br \/><span style=\"font-weight: bolder;\">Pr\u00e1vo podat st\u00ed\u017enost u dozorov\u00e9ho \u00fa\u0159adu<\/span><\/p>\n<ul style=\"font-size: 16px; background-color: #ffffff;\">\n<li style=\"font-size: 16px;\">Kdykoliv m\u016f\u017eete podat st\u00ed\u017enost t\u00fdkaj\u00edc\u00ed se zpracov\u00e1n\u00ed Va\u0161ich osobn\u00edch \u00fadaj\u016f nebo nepln\u011bn\u00ed povinnost\u00ed spr\u00e1vce plynouc\u00edch z GDPR k\u00a0dozorov\u00e9mu \u00fa\u0159adu \u2013 \u00da\u0159ad pro ochranu osobn\u00edch \u00fadaj\u016f, se s\u00eddlem Pplk. Sochora 27, 170\u00a000 Praha\u00a07,\u00a0<a href=\"http:\/\/www.uoou.cz\/\">www.uoou.cz<\/a>.<\/li>\n<\/ul>\n<p style=\"font-size: 16px;\"><br \/><span style=\"font-weight: bolder;\">Povinnost poskytnout osobn\u00ed \u00fadaje. N\u00e1sledky neposkytnut\u00ed osobn\u00edch \u00fadaj\u016f<\/span><\/p>\n<ul style=\"font-size: 16px; background-color: #ffffff;\">\n<li style=\"font-size: 16px;\">Va\u0161e osobn\u00ed \u00fadaje poskytujete zcela dobrovoln\u011b. Nem\u00e1te \u017e\u00e1dnou povinnost je poskytnout. V p\u0159\u00edpad\u011b, \u017ee Va\u0161e osobn\u00ed \u00fadaje neposkytnete, nehroz\u00ed V\u00e1m \u017e\u00e1dn\u00e1 sankce.<\/li>\n<\/ul>\n<p><\/p>\t\t\t\t\t\t<\/div>\n\t\t\t\t<\/div>\n\t\t\t\t<div class=\"elementor-element elementor-element-380d3e8 elementor-widget elementor-widget-spacer\" data-id=\"380d3e8\" data-element_type=\"widget\" data-widget_type=\"spacer.default\">\n\t\t\t\t<div class=\"elementor-widget-container\">\n\t\t\t\t\t<div class=\"elementor-spacer\">\n\t\t\t<div class=\"elementor-spacer-inner\"><\/div>\n\t\t<\/div>\n\t\t\t\t<\/div>\n\t\t\t\t<\/div>\n\t\t\t\t\t<\/div>\n\t\t<\/div>\n\t\t\t\t\t\t\t<\/div>\n\t\t<\/section>\n\t\t\t\t\t\t\t<\/div>\n\t\t","protected":false},"excerpt":{"rendered":"<p>Ud\u011bluji souhlas se zpracov\u00e1n\u00edm m\u00fdch osobn\u00edch \u00fadaj\u016f (jm\u00e9no, e-mail, telefon) za \u00fa\u010delem odpov\u011bdi na m\u016fj dotaz, zaslan\u00fd prost\u0159ednictv\u00edm kontaktn\u00edho formul\u00e1\u0159e um\u00edst\u011bn\u00e9ho na webov\u00fdch str\u00e1nk\u00e1ch spr\u00e1vce. Souhlas Ud\u011blen\u00edm tohoto souhlasu se zpracov\u00e1n\u00edm osobn\u00edch \u00fadaj\u016f poskytujete souhlas k tomu, aby spole\u010dnost Rozv\u00e1d\u011b\u010de Vset\u00edn s.r.o., Jir\u00e1skova 2190, 755 01 Vset\u00edn, \u010cesk\u00e1 republika, I\u010cO: 24839183, zapsan\u00e1 v obchodn\u00edm rejst\u0159\u00edku [&hellip;]<\/p>\n","protected":false},"author":6,"featured_media":0,"parent":0,"menu_order":0,"comment_status":"closed","ping_status":"closed","template":"","meta":{"footnotes":""},"yoast_head":"<!-- This site is optimized with the Yoast SEO plugin v21.6 - https:\/\/yoast.com\/wordpress\/plugins\/seo\/ -->\n<title>Privacy policy - Rozv\u00e1d\u011b\u010de Vset\u00edn<\/title>\n<meta name=\"robots\" content=\"index, follow, max-snippet:-1, max-image-preview:large, max-video-preview:-1\" \/>\n<link rel=\"canonical\" href=\"https:\/\/vrvs.cz\/en\/ochrana-osobnich-udaju\/\" \/>\n<meta property=\"og:locale\" content=\"en_US\" \/>\n<meta property=\"og:type\" content=\"article\" \/>\n<meta property=\"og:title\" content=\"Privacy policy - Rozv\u00e1d\u011b\u010de Vset\u00edn\" \/>\n<meta property=\"og:description\" content=\"Ud\u011bluji souhlas se zpracov\u00e1n\u00edm m\u00fdch osobn\u00edch \u00fadaj\u016f (jm\u00e9no, e-mail, telefon) za \u00fa\u010delem odpov\u011bdi na m\u016fj dotaz, zaslan\u00fd prost\u0159ednictv\u00edm kontaktn\u00edho formul\u00e1\u0159e um\u00edst\u011bn\u00e9ho na webov\u00fdch str\u00e1nk\u00e1ch spr\u00e1vce. Souhlas Ud\u011blen\u00edm tohoto souhlasu se zpracov\u00e1n\u00edm osobn\u00edch \u00fadaj\u016f poskytujete souhlas k tomu, aby spole\u010dnost Rozv\u00e1d\u011b\u010de Vset\u00edn s.r.o., Jir\u00e1skova 2190, 755 01 Vset\u00edn, \u010cesk\u00e1 republika, I\u010cO: 24839183, zapsan\u00e1 v obchodn\u00edm rejst\u0159\u00edku [&hellip;]\" \/>\n<meta property=\"og:url\" content=\"https:\/\/vrvs.cz\/en\/ochrana-osobnich-udaju\/\" \/>\n<meta property=\"og:site_name\" content=\"Rozv\u00e1d\u011b\u010de Vset\u00edn\" \/>\n<meta property=\"article:modified_time\" content=\"2022-01-06T17:14:25+00:00\" \/>\n<meta name=\"twitter:card\" content=\"summary_large_image\" \/>\n<meta name=\"twitter:label1\" content=\"Est. reading time\" \/>\n\t<meta name=\"twitter:data1\" content=\"4 minutes\" \/>\n<script type=\"application\/ld+json\" class=\"yoast-schema-graph\">{\"@context\":\"https:\/\/schema.org\",\"@graph\":[{\"@type\":\"WebPage\",\"@id\":\"https:\/\/vrvs.cz\/en\/ochrana-osobnich-udaju\/\",\"url\":\"https:\/\/vrvs.cz\/en\/ochrana-osobnich-udaju\/\",\"name\":\"Privacy policy - Rozv\u00e1d\u011b\u010de Vset\u00edn\",\"isPartOf\":{\"@id\":\"https:\/\/vrvs.cz\/#website\"},\"datePublished\":\"2021-07-07T14:36:34+00:00\",\"dateModified\":\"2022-01-06T17:14:25+00:00\",\"breadcrumb\":{\"@id\":\"https:\/\/vrvs.cz\/en\/ochrana-osobnich-udaju\/#breadcrumb\"},\"inLanguage\":\"en-US\",\"potentialAction\":[{\"@type\":\"ReadAction\",\"target\":[\"https:\/\/vrvs.cz\/en\/ochrana-osobnich-udaju\/\"]}]},{\"@type\":\"BreadcrumbList\",\"@id\":\"https:\/\/vrvs.cz\/en\/ochrana-osobnich-udaju\/#breadcrumb\",\"itemListElement\":[{\"@type\":\"ListItem\",\"position\":1,\"name\":\"Dom\u016f\",\"item\":\"https:\/\/vrvs.cz\/en\/uvod\/\"},{\"@type\":\"ListItem\",\"position\":2,\"name\":\"Privacy policy\"}]},{\"@type\":\"WebSite\",\"@id\":\"https:\/\/vrvs.cz\/#website\",\"url\":\"https:\/\/vrvs.cz\/\",\"name\":\"Rozv\u00e1d\u011b\u010de Vset\u00edn\",\"description\":\"V\u00fdtahov\u00e9 rozv\u00e1d\u011b\u010de v\u010detn\u011b elektrop\u0159\u00edslu\u0161enstv\u00ed\",\"publisher\":{\"@id\":\"https:\/\/vrvs.cz\/#organization\"},\"potentialAction\":[{\"@type\":\"SearchAction\",\"target\":{\"@type\":\"EntryPoint\",\"urlTemplate\":\"https:\/\/vrvs.cz\/?s={search_term_string}\"},\"query-input\":\"required name=search_term_string\"}],\"inLanguage\":\"en-US\"},{\"@type\":\"Organization\",\"@id\":\"https:\/\/vrvs.cz\/#organization\",\"name\":\"Rozv\u00e1d\u011b\u010de Vset\u00edn\",\"url\":\"https:\/\/vrvs.cz\/\",\"logo\":{\"@type\":\"ImageObject\",\"inLanguage\":\"en-US\",\"@id\":\"https:\/\/vrvs.cz\/#\/schema\/logo\/image\/\",\"url\":\"https:\/\/vrvs.cz\/wp-content\/uploads\/2021\/07\/logo-vrvs.png\",\"contentUrl\":\"https:\/\/vrvs.cz\/wp-content\/uploads\/2021\/07\/logo-vrvs.png\",\"width\":768,\"height\":266,\"caption\":\"Rozv\u00e1d\u011b\u010de Vset\u00edn\"},\"image\":{\"@id\":\"https:\/\/vrvs.cz\/#\/schema\/logo\/image\/\"}}]}<\/script>\n<!-- \/ Yoast SEO plugin. -->","yoast_head_json":{"title":"Privacy policy - Rozv\u00e1d\u011b\u010de Vset\u00edn","robots":{"index":"index","follow":"follow","max-snippet":"max-snippet:-1","max-image-preview":"max-image-preview:large","max-video-preview":"max-video-preview:-1"},"canonical":"https:\/\/vrvs.cz\/en\/ochrana-osobnich-udaju\/","og_locale":"en_US","og_type":"article","og_title":"Privacy policy - Rozv\u00e1d\u011b\u010de Vset\u00edn","og_description":"Ud\u011bluji souhlas se zpracov\u00e1n\u00edm m\u00fdch osobn\u00edch \u00fadaj\u016f (jm\u00e9no, e-mail, telefon) za \u00fa\u010delem odpov\u011bdi na m\u016fj dotaz, zaslan\u00fd prost\u0159ednictv\u00edm kontaktn\u00edho formul\u00e1\u0159e um\u00edst\u011bn\u00e9ho na webov\u00fdch str\u00e1nk\u00e1ch spr\u00e1vce. Souhlas Ud\u011blen\u00edm tohoto souhlasu se zpracov\u00e1n\u00edm osobn\u00edch \u00fadaj\u016f poskytujete souhlas k tomu, aby spole\u010dnost Rozv\u00e1d\u011b\u010de Vset\u00edn s.r.o., Jir\u00e1skova 2190, 755 01 Vset\u00edn, \u010cesk\u00e1 republika, I\u010cO: 24839183, zapsan\u00e1 v obchodn\u00edm rejst\u0159\u00edku [&hellip;]","og_url":"https:\/\/vrvs.cz\/en\/ochrana-osobnich-udaju\/","og_site_name":"Rozv\u00e1d\u011b\u010de Vset\u00edn","article_modified_time":"2022-01-06T17:14:25+00:00","twitter_card":"summary_large_image","twitter_misc":{"Est. reading time":"4 minutes"},"schema":{"@context":"https:\/\/schema.org","@graph":[{"@type":"WebPage","@id":"https:\/\/vrvs.cz\/en\/ochrana-osobnich-udaju\/","url":"https:\/\/vrvs.cz\/en\/ochrana-osobnich-udaju\/","name":"Privacy policy - Rozv\u00e1d\u011b\u010de Vset\u00edn","isPartOf":{"@id":"https:\/\/vrvs.cz\/#website"},"datePublished":"2021-07-07T14:36:34+00:00","dateModified":"2022-01-06T17:14:25+00:00","breadcrumb":{"@id":"https:\/\/vrvs.cz\/en\/ochrana-osobnich-udaju\/#breadcrumb"},"inLanguage":"en-US","potentialAction":[{"@type":"ReadAction","target":["https:\/\/vrvs.cz\/en\/ochrana-osobnich-udaju\/"]}]},{"@type":"BreadcrumbList","@id":"https:\/\/vrvs.cz\/en\/ochrana-osobnich-udaju\/#breadcrumb","itemListElement":[{"@type":"ListItem","position":1,"name":"Dom\u016f","item":"https:\/\/vrvs.cz\/en\/uvod\/"},{"@type":"ListItem","position":2,"name":"Privacy policy"}]},{"@type":"WebSite","@id":"https:\/\/vrvs.cz\/#website","url":"https:\/\/vrvs.cz\/","name":"Rozv\u00e1d\u011b\u010de Vset\u00edn","description":"V\u00fdtahov\u00e9 rozv\u00e1d\u011b\u010de v\u010detn\u011b elektrop\u0159\u00edslu\u0161enstv\u00ed","publisher":{"@id":"https:\/\/vrvs.cz\/#organization"},"potentialAction":[{"@type":"SearchAction","target":{"@type":"EntryPoint","urlTemplate":"https:\/\/vrvs.cz\/?s={search_term_string}"},"query-input":"required name=search_term_string"}],"inLanguage":"en-US"},{"@type":"Organization","@id":"https:\/\/vrvs.cz\/#organization","name":"Rozv\u00e1d\u011b\u010de Vset\u00edn","url":"https:\/\/vrvs.cz\/","logo":{"@type":"ImageObject","inLanguage":"en-US","@id":"https:\/\/vrvs.cz\/#\/schema\/logo\/image\/","url":"https:\/\/vrvs.cz\/wp-content\/uploads\/2021\/07\/logo-vrvs.png","contentUrl":"https:\/\/vrvs.cz\/wp-content\/uploads\/2021\/07\/logo-vrvs.png","width":768,"height":266,"caption":"Rozv\u00e1d\u011b\u010de Vset\u00edn"},"image":{"@id":"https:\/\/vrvs.cz\/#\/schema\/logo\/image\/"}}]}},"_links":{"self":[{"href":"https:\/\/vrvs.cz\/en\/wp-json\/wp\/v2\/pages\/1341"}],"collection":[{"href":"https:\/\/vrvs.cz\/en\/wp-json\/wp\/v2\/pages"}],"about":[{"href":"https:\/\/vrvs.cz\/en\/wp-json\/wp\/v2\/types\/page"}],"author":[{"embeddable":true,"href":"https:\/\/vrvs.cz\/en\/wp-json\/wp\/v2\/users\/6"}],"replies":[{"embeddable":true,"href":"https:\/\/vrvs.cz\/en\/wp-json\/wp\/v2\/comments?post=1341"}],"version-history":[{"count":4,"href":"https:\/\/vrvs.cz\/en\/wp-json\/wp\/v2\/pages\/1341\/revisions"}],"predecessor-version":[{"id":2149,"href":"https:\/\/vrvs.cz\/en\/wp-json\/wp\/v2\/pages\/1341\/revisions\/2149"}],"wp:attachment":[{"href":"https:\/\/vrvs.cz\/en\/wp-json\/wp\/v2\/media?parent=1341"}],"curies":[{"name":"wp","href":"https:\/\/api.w.org\/{rel}","templated":true}]}}